{"id":14,"date":"2020-06-30T12:11:52","date_gmt":"2020-06-30T12:11:52","guid":{"rendered":"http:\/\/31.217.196.205\/~urvqclfi\/?page_id=14"},"modified":"2024-06-10T15:05:10","modified_gmt":"2024-06-10T12:05:10","slug":"dymet-423","status":"publish","type":"page","link":"https:\/\/www.jaapossutus.fi\/blog\/dymet-423\/","title":{"rendered":"J\u00e4\u00e4puhdistuksen toiminta"},"content":{"rendered":"\n<h2 class=\"wp-block-heading\">J\u00e4\u00e4puhdistuksen prosessi on yksinkertaisuudessaan briljantti<\/h2>\n\n\n\n<p>J\u00e4\u00e4sohjoa valmistetaan kylm\u00e4tekniikalla tankkiin, jossa se konsentroidaan haluttuun j\u00e4\u00e4\/vesisuhteeseen.<\/p>\n\n\n\n<p>Tankista J\u00e4\u00e4sohjo sy\u00f6tet\u00e4\u00e4n putkistoon puhdistettavassa linjassa valmiiksi olevan yhteen kautta. Sitten j\u00e4\u00e4possu (j\u00e4\u00e4tulppa) ty\u00f6nnet\u00e4\u00e4n l\u00e4pi putkesta vedell\u00e4 tai j\u00e4\u00e4huuhtelussa huuhdellaan putkistoa j\u00e4\u00e4sohjolla. Kulkiessaan j\u00e4\u00e4sohjo puhdistaa putken sis\u00e4pintoja ja ker\u00e4\u00e4 itseens\u00e4 irtoavat ep\u00e4puhtaudet.<\/p>\n\n\n\n<p>J\u00e4\u00e4sohjon poisto putkistosta tapahtuu my\u00f6s linjassa valmiiksi olevan venttiilin kautta.<\/p>\n\n\n\n<p>Tavallisesti k\u00e4ytet\u00e4\u00e4n putkilinjastossa jo olevia yhteit\u00e4, joten j\u00e4rjestelm\u00e4n kytkeminen ja k\u00e4ytt\u00f6 on nopeaa.<\/p>\n\n\n\n<p><\/p>\n\n\n\n<p><\/p>\n\n\n\n<p><\/p>\n","protected":false},"excerpt":{"rendered":"<p>J\u00e4\u00e4puhdistuksen prosessi on yksinkertaisuudessaan briljantti J\u00e4\u00e4sohjoa valmistetaan kylm\u00e4tekniikalla tankkiin, jossa se konsentroidaan haluttuun j\u00e4\u00e4\/vesisuhteeseen. Tankista J\u00e4\u00e4sohjo sy\u00f6tet\u00e4\u00e4n putkistoon puhdistettavassa linjassa valmiiksi olevan yhteen kautta. Sitten j\u00e4\u00e4possu (j\u00e4\u00e4tulppa) ty\u00f6nnet\u00e4\u00e4n l\u00e4pi putkesta vedell\u00e4 tai j\u00e4\u00e4huuhtelussa huuhdellaan putkistoa j\u00e4\u00e4sohjolla. Kulkiessaan j\u00e4\u00e4sohjo puhdistaa putken sis\u00e4pintoja ja ker\u00e4\u00e4 itseens\u00e4 irtoavat ep\u00e4puhtaudet. J\u00e4\u00e4sohjon poisto putkistosta tapahtuu my\u00f6s linjassa valmiiksi olevan venttiilin &hellip; <\/p>\n<p class=\"link-more\"><a href=\"https:\/\/www.jaapossutus.fi\/blog\/dymet-423\/\" class=\"more-link\">Jatka lukemista<span class=\"screen-reader-text\"> &#8221;J\u00e4\u00e4puhdistuksen toiminta&#8221;<\/span><\/a><\/p>\n","protected":false},"author":1,"featured_media":0,"parent":0,"menu_order":0,"comment_status":"closed","ping_status":"closed","template":"","meta":{"footnotes":""},"class_list":["post-14","page","type-page","status-publish","hentry"],"_links":{"self":[{"href":"https:\/\/www.jaapossutus.fi\/blog\/wp-json\/wp\/v2\/pages\/14","targetHints":{"allow":["GET"]}}],"collection":[{"href":"https:\/\/www.jaapossutus.fi\/blog\/wp-json\/wp\/v2\/pages"}],"about":[{"href":"https:\/\/www.jaapossutus.fi\/blog\/wp-json\/wp\/v2\/types\/page"}],"author":[{"embeddable":true,"href":"https:\/\/www.jaapossutus.fi\/blog\/wp-json\/wp\/v2\/users\/1"}],"replies":[{"embeddable":true,"href":"https:\/\/www.jaapossutus.fi\/blog\/wp-json\/wp\/v2\/comments?post=14"}],"version-history":[{"count":28,"href":"https:\/\/www.jaapossutus.fi\/blog\/wp-json\/wp\/v2\/pages\/14\/revisions"}],"predecessor-version":[{"id":586,"href":"https:\/\/www.jaapossutus.fi\/blog\/wp-json\/wp\/v2\/pages\/14\/revisions\/586"}],"wp:attachment":[{"href":"https:\/\/www.jaapossutus.fi\/blog\/wp-json\/wp\/v2\/media?parent=14"}],"curies":[{"name":"wp","href":"https:\/\/api.w.org\/{rel}","templated":true}]}}