{"id":2,"date":"2020-02-24T12:14:03","date_gmt":"2020-02-24T12:14:03","guid":{"rendered":"http:\/\/31.217.196.205\/~urvqclfi\/?page_id=2"},"modified":"2024-06-10T15:08:40","modified_gmt":"2024-06-10T12:08:40","slug":"kylmaruiskutus-kayttokohteita","status":"publish","type":"page","link":"https:\/\/www.jaapossutus.fi\/blog\/kylmaruiskutus-kayttokohteita\/","title":{"rendered":"K\u00e4ytt\u00f6kohteita"},"content":{"rendered":"\n<p>J\u00e4\u00e4puhdistusta voidaan soveltaa mm. k\u00e4ytt\u00f6vesiputkistojen puhdistamiseen niin verkostossa kuin my\u00f6s kiinteist\u00f6iss\u00e4kin. My\u00f6s teollisuuden putkistojen puhdistamiseksi on omat sovelluksensa. Olemme tehneet j\u00e4\u00e4puhdistusta 9mm k\u00e4ytt\u00f6vesiputkista aina 400mm verkostolinjaan saakka.<\/p>\n\n\n\n<p>Yleisesti ottaen j\u00e4\u00e4puhdistus soveltuu erityisesti sinne, miss\u00e4 vesihuuhtelu ei anna riitt\u00e4v\u00e4\u00e4 puhdistustulosta ja halutaan parantaa puhdistustulosta mekaanisella hankauksella.<\/p>\n\n\n\n<p>J\u00e4\u00e4puhdistuksessa k\u00e4ytett\u00e4v\u00e4 j\u00e4\u00e4sohjo on muotoutuva ja toimii my\u00f6s putkistokoon muuttuessa, l\u00e4p\u00e4isee mutkat, venttiilit ja jopa l\u00e4mm\u00f6nvaihtimet.<\/p>\n\n\n\n<p><\/p>\n","protected":false},"excerpt":{"rendered":"<p>J\u00e4\u00e4puhdistusta voidaan soveltaa mm. k\u00e4ytt\u00f6vesiputkistojen puhdistamiseen niin verkostossa kuin my\u00f6s kiinteist\u00f6iss\u00e4kin. My\u00f6s teollisuuden putkistojen puhdistamiseksi on omat sovelluksensa. Olemme tehneet j\u00e4\u00e4puhdistusta 9mm k\u00e4ytt\u00f6vesiputkista aina 400mm verkostolinjaan saakka. Yleisesti ottaen j\u00e4\u00e4puhdistus soveltuu erityisesti sinne, miss\u00e4 vesihuuhtelu ei anna riitt\u00e4v\u00e4\u00e4 puhdistustulosta ja halutaan parantaa puhdistustulosta mekaanisella hankauksella. J\u00e4\u00e4puhdistuksessa k\u00e4ytett\u00e4v\u00e4 j\u00e4\u00e4sohjo on muotoutuva ja toimii my\u00f6s putkistokoon muuttuessa, &hellip; <\/p>\n<p class=\"link-more\"><a href=\"https:\/\/www.jaapossutus.fi\/blog\/kylmaruiskutus-kayttokohteita\/\" class=\"more-link\">Jatka lukemista<span class=\"screen-reader-text\"> &#8221;K\u00e4ytt\u00f6kohteita&#8221;<\/span><\/a><\/p>\n","protected":false},"author":1,"featured_media":0,"parent":0,"menu_order":0,"comment_status":"closed","ping_status":"open","template":"","meta":{"footnotes":""},"class_list":["post-2","page","type-page","status-publish","hentry"],"_links":{"self":[{"href":"https:\/\/www.jaapossutus.fi\/blog\/wp-json\/wp\/v2\/pages\/2","targetHints":{"allow":["GET"]}}],"collection":[{"href":"https:\/\/www.jaapossutus.fi\/blog\/wp-json\/wp\/v2\/pages"}],"about":[{"href":"https:\/\/www.jaapossutus.fi\/blog\/wp-json\/wp\/v2\/types\/page"}],"author":[{"embeddable":true,"href":"https:\/\/www.jaapossutus.fi\/blog\/wp-json\/wp\/v2\/users\/1"}],"replies":[{"embeddable":true,"href":"https:\/\/www.jaapossutus.fi\/blog\/wp-json\/wp\/v2\/comments?post=2"}],"version-history":[{"count":40,"href":"https:\/\/www.jaapossutus.fi\/blog\/wp-json\/wp\/v2\/pages\/2\/revisions"}],"predecessor-version":[{"id":587,"href":"https:\/\/www.jaapossutus.fi\/blog\/wp-json\/wp\/v2\/pages\/2\/revisions\/587"}],"wp:attachment":[{"href":"https:\/\/www.jaapossutus.fi\/blog\/wp-json\/wp\/v2\/media?parent=2"}],"curies":[{"name":"wp","href":"https:\/\/api.w.org\/{rel}","templated":true}]}}