{"id":386,"date":"2020-07-05T20:00:56","date_gmt":"2020-07-05T17:00:56","guid":{"rendered":"http:\/\/31.217.196.205\/~urvqclfi\/?page_id=386"},"modified":"2024-06-10T15:01:56","modified_gmt":"2024-06-10T12:01:56","slug":"kylmaruiskutuksen-edut","status":"publish","type":"page","link":"https:\/\/www.jaapossutus.fi\/blog\/kylmaruiskutuksen-edut\/","title":{"rendered":"J\u00e4\u00e4puhdistuksen edut"},"content":{"rendered":"\n<p>J\u00e4\u00e4puhdistuksella erottuu muista puhdistusmenetelmist\u00e4 edukseen mm. koska:<\/p>\n\n\n\n<p>Mukautuu putkiston muutoksiin; halkaisija, mutkat ja venttiilit.<\/p>\n\n\n\n<p>Hy\u00f6dynnet\u00e4\u00e4n jo olemassa olevia venttiilej\u00e4 ja putkistoyhteit\u00e4.<\/p>\n\n\n\n<p>Matalan riskin puhdistusmenetelm\u00e4; esim. j\u00e4\u00e4tulppa voidaan sulattaa putkiston sis\u00e4ss\u00e4.<\/p>\n\n\n\n<p>Sopii my\u00f6s vanhemmalle ja hauraamalle putkistolle.<\/p>\n\n\n\n<p>Parempi puhdistus v\u00e4h\u00e4isemm\u00e4ll\u00e4 vedell\u00e4 kuin perinteisess\u00e4 huuhtelussa.<\/p>\n\n\n\n<p>Nopea huoltotoimenpide normaalin toiminnan yhteydess\u00e4.<\/p>\n\n\n\n<p><\/p>\n","protected":false},"excerpt":{"rendered":"<p>J\u00e4\u00e4puhdistuksella erottuu muista puhdistusmenetelmist\u00e4 edukseen mm. koska: Mukautuu putkiston muutoksiin; halkaisija, mutkat ja venttiilit. Hy\u00f6dynnet\u00e4\u00e4n jo olemassa olevia venttiilej\u00e4 ja putkistoyhteit\u00e4. Matalan riskin puhdistusmenetelm\u00e4; esim. j\u00e4\u00e4tulppa voidaan sulattaa putkiston sis\u00e4ss\u00e4. Sopii my\u00f6s vanhemmalle ja hauraamalle putkistolle. Parempi puhdistus v\u00e4h\u00e4isemm\u00e4ll\u00e4 vedell\u00e4 kuin perinteisess\u00e4 huuhtelussa. Nopea huoltotoimenpide normaalin toiminnan yhteydess\u00e4.<\/p>\n","protected":false},"author":1,"featured_media":0,"parent":0,"menu_order":0,"comment_status":"closed","ping_status":"closed","template":"","meta":{"footnotes":""},"class_list":["post-386","page","type-page","status-publish","hentry"],"_links":{"self":[{"href":"https:\/\/www.jaapossutus.fi\/blog\/wp-json\/wp\/v2\/pages\/386","targetHints":{"allow":["GET"]}}],"collection":[{"href":"https:\/\/www.jaapossutus.fi\/blog\/wp-json\/wp\/v2\/pages"}],"about":[{"href":"https:\/\/www.jaapossutus.fi\/blog\/wp-json\/wp\/v2\/types\/page"}],"author":[{"embeddable":true,"href":"https:\/\/www.jaapossutus.fi\/blog\/wp-json\/wp\/v2\/users\/1"}],"replies":[{"embeddable":true,"href":"https:\/\/www.jaapossutus.fi\/blog\/wp-json\/wp\/v2\/comments?post=386"}],"version-history":[{"count":14,"href":"https:\/\/www.jaapossutus.fi\/blog\/wp-json\/wp\/v2\/pages\/386\/revisions"}],"predecessor-version":[{"id":584,"href":"https:\/\/www.jaapossutus.fi\/blog\/wp-json\/wp\/v2\/pages\/386\/revisions\/584"}],"wp:attachment":[{"href":"https:\/\/www.jaapossutus.fi\/blog\/wp-json\/wp\/v2\/media?parent=386"}],"curies":[{"name":"wp","href":"https:\/\/api.w.org\/{rel}","templated":true}]}}