{"id":433,"date":"2020-07-06T19:36:07","date_gmt":"2020-07-06T16:36:07","guid":{"rendered":"http:\/\/31.217.196.205\/~urvqclfi\/?page_id=433"},"modified":"2021-12-09T16:06:18","modified_gmt":"2021-12-09T13:06:18","slug":"tutkimus","status":"publish","type":"page","link":"https:\/\/www.jaapossutus.fi\/blog\/tutkimus\/","title":{"rendered":"Tutkimus"},"content":{"rendered":"\n<p>J\u00e4\u00e4puhdistusta on suhteelline uusi menetelm\u00e4 vaikkakin se on tunnettu jo kauan.<\/p>\n\n\n\n<p>J\u00e4\u00e4possutus kehitettiin Bristol&#8217;in yliopistossa professori Joe Quarinin johdolla. T\u00e4m\u00e4n j\u00e4lkeen sit\u00e4 on tutkittu laajasti ja todettu tehokkaaksi ja kustannuksiltaan kilpailukykyiseksi puhdistumenetelm\u00e4ksi<\/p>\n\n\n\n<p><\/p>\n\n\n\n<p><\/p>\n","protected":false},"excerpt":{"rendered":"<p>J\u00e4\u00e4puhdistusta on suhteelline uusi menetelm\u00e4 vaikkakin se on tunnettu jo kauan. J\u00e4\u00e4possutus kehitettiin Bristol&#8217;in yliopistossa professori Joe Quarinin johdolla. T\u00e4m\u00e4n j\u00e4lkeen sit\u00e4 on tutkittu laajasti ja todettu tehokkaaksi ja kustannuksiltaan kilpailukykyiseksi puhdistumenetelm\u00e4ksi<\/p>\n","protected":false},"author":1,"featured_media":0,"parent":0,"menu_order":0,"comment_status":"closed","ping_status":"closed","template":"","meta":{"footnotes":""},"class_list":["post-433","page","type-page","status-publish","hentry"],"_links":{"self":[{"href":"https:\/\/www.jaapossutus.fi\/blog\/wp-json\/wp\/v2\/pages\/433","targetHints":{"allow":["GET"]}}],"collection":[{"href":"https:\/\/www.jaapossutus.fi\/blog\/wp-json\/wp\/v2\/pages"}],"about":[{"href":"https:\/\/www.jaapossutus.fi\/blog\/wp-json\/wp\/v2\/types\/page"}],"author":[{"embeddable":true,"href":"https:\/\/www.jaapossutus.fi\/blog\/wp-json\/wp\/v2\/users\/1"}],"replies":[{"embeddable":true,"href":"https:\/\/www.jaapossutus.fi\/blog\/wp-json\/wp\/v2\/comments?post=433"}],"version-history":[{"count":9,"href":"https:\/\/www.jaapossutus.fi\/blog\/wp-json\/wp\/v2\/pages\/433\/revisions"}],"predecessor-version":[{"id":547,"href":"https:\/\/www.jaapossutus.fi\/blog\/wp-json\/wp\/v2\/pages\/433\/revisions\/547"}],"wp:attachment":[{"href":"https:\/\/www.jaapossutus.fi\/blog\/wp-json\/wp\/v2\/media?parent=433"}],"curies":[{"name":"wp","href":"https:\/\/api.w.org\/{rel}","templated":true}]}}