{"id":588,"date":"2024-06-10T15:28:21","date_gmt":"2024-06-10T12:28:21","guid":{"rendered":"https:\/\/www.jaapossutus.fi\/blog\/?page_id=588"},"modified":"2024-06-10T15:28:22","modified_gmt":"2024-06-10T12:28:22","slug":"usein-kysytyt-kysymykset-ukk","status":"publish","type":"page","link":"https:\/\/www.jaapossutus.fi\/blog\/usein-kysytyt-kysymykset-ukk\/","title":{"rendered":"Usein kysytyt kysymykset (UKK)"},"content":{"rendered":"\n<figure class=\"wp-block-table\"><table><tbody><tr><td>Kysymys<\/td><td class=\"has-text-align-left\" data-align=\"left\">Vastaus<\/td><\/tr><tr><td>Mit\u00e4 j\u00e4\u00e4puhdistus on?<\/td><td class=\"has-text-align-left\" data-align=\"left\">J\u00e4\u00e4puhdistus, <strong>j\u00e4\u00e4possutus <\/strong>ja <strong>j\u00e4\u00e4huuhtelu <\/strong>ovat uusia innovatiivisia tapoja puhdistaa putkistoja, esimerkiksi vesi- ja viem\u00e4riverkostossa sek\u00e4 teollisuudessa.<\/td><\/tr><tr><td>Mill\u00e4 j\u00e4\u00e4puhdistus tehd\u00e4\u00e4n?<\/td><td class=\"has-text-align-left\" data-align=\"left\">J\u00e4\u00e4puhdistuksessa k\u00e4ytet\u00e4\u00e4n j\u00e4\u00e4sohjoa, joka on j\u00e4\u00e4hilevesiseos.<\/td><\/tr><tr><td>Miten j\u00e4\u00e4possutus tehd\u00e4\u00e4n?<\/td><td class=\"has-text-align-left\" data-align=\"left\">J\u00e4\u00e4possutuksessa putkistoon pumpataan j\u00e4\u00e4sohjoaa ja muodostetaan j\u00e4\u00e4possu, joka ty\u00f6nnet\u00e4\u00e4n vesipaineella puhdistettavaa pitkin putkistoa.<\/td><\/tr><tr><td>Mik\u00e4 on j\u00e4\u00e4possu?<\/td><td class=\"has-text-align-left\" data-align=\"left\">J\u00e4\u00e4possu on j\u00e4\u00e4sohjosta putkistoon muodostettu vy\u00f6hyke ns. possu, joka liikkuu putkistossa.<\/td><\/tr><tr><td>Mink\u00e4 pituinen j\u00e4\u00e4possu on?<\/td><td class=\"has-text-align-left\" data-align=\"left\">J\u00e4\u00e4possu on aina suhteessa putkiston pituuteen ja se on pitk\u00e4, jopa satoja metrej\u00e4.<\/td><\/tr><tr><td>K\u00e4ytet\u00e4\u00e4nk\u00f6 j\u00e4\u00e4puhdituksessa kemikaaleja?<\/td><td class=\"has-text-align-left\" data-align=\"left\">J\u00e4\u00e4slurryn valmistuksessa k\u00e4ytet\u00e4\u00e4n tavallista ruokasuolaa, jotta veden j\u00e4\u00e4tymispistett\u00e4 saadaan alemmaksi.<br><br>Haluttaessa j\u00e4\u00e4slurryyn voidaan lis\u00e4t\u00e4 esimerkiksi putkistoa desinfioivia kemikaaleja.<\/td><\/tr><tr><td>Mihin j\u00e4\u00e4puhdistuksen teho perustuu?<\/td><td class=\"has-text-align-left\" data-align=\"left\">J\u00e4\u00e4sohjon hienot j\u00e4\u00e4kiteet irrottavat saostumia mekaanisesti hankaamalla.<br><br>Irronnut massa sitoutuu j\u00e4\u00e4sohjon ja kulkeutuu p\u00e4\u00e4osin pois putkistosta j\u00e4\u00e4sohjon mukana.<\/td><\/tr><tr><td>Millaisille putkimateriaaleille j\u00e4\u00e4puhdistus sopii?<\/td><td class=\"has-text-align-left\" data-align=\"left\">J\u00e4\u00e4possutusta voidaan k\u00e4ytt\u00e4\u00e4 kaikille putkimateriaaleille, niin muovi, valurauta ja kuin muillekin.<\/td><\/tr><tr><td>Sopiiko j\u00e4\u00e4puhditus vanhoillekin putkistoille?<\/td><td class=\"has-text-align-left\" data-align=\"left\">J\u00e4\u00e4puhdiostus sopii my\u00f6s vanhoille ja jopa hauraille putkistoille, koska se mukautuu putkistoon ja j\u00e4\u00e4puhdistuksessa k\u00e4ytet\u00e4\u00e4n korkeintaan putkiston normaalia k\u00e4ytt\u00f6painetta.<\/td><\/tr><tr><td>Vaatiiko j\u00e4\u00e4puhdistus erikoisj\u00e4rjestelyj\u00e4?<\/td><td class=\"has-text-align-left\" data-align=\"left\">J\u00e4\u00e4puhdistus ei vaadi erikoisj\u00e4rjestelyj\u00e4, sill\u00e4 se voidaan normaalisti tehd\u00e4 olemassa olevista yhteist\u00e4, esimerkiksi paloposteista.<br><br>Yhteet voivat my\u00f6s olla huomattavasti puhdistettavaa putkistoa pienempi\u00e4.<br><br>Erityisi\u00e4 possutuskaivoja tai vastaavia ei tarvita.<\/td><\/tr><tr><td>Mik\u00e4 on suurin putkistohalkaisija, johon j\u00e4\u00e4possutusta voidaan soveltaa?<\/td><td class=\"has-text-align-left\" data-align=\"left\">J\u00e4\u00e4possutus voidaan soveltaa jopa 600 mm halkaisijaltaan oleville putkille, mutta suosittelemme j\u00e4\u00e4possutukseen maksimissaan 400 mm halkaisijaltaan olevia putkistoja.<\/td><\/tr><tr><td>Kuinka pieness\u00e4 putkessa j\u00e4\u00e4puhdistusta voidaan k\u00e4ytt\u00e4\u00e4?<\/td><td class=\"has-text-align-left\" data-align=\"left\">J\u00e4\u00e4huuhtelua on tehty jopa 9mm halkaisijan putkilla sek\u00e4 niihin liitetyill\u00e4 hanoilla ja sekoittimilla.<\/td><\/tr><tr><td>Sopiiko j\u00e4\u00e4puhdistus normaaliin verkoston huoltotoimintaan?<\/td><td class=\"has-text-align-left\" data-align=\"left\">J\u00e4\u00e4puhdistuss nopeana ja yksinkertaisen toimenpiteen\u00e4 soveltuu hyvin my\u00f6s normaaliksi verkoston huoltotoiminnaksi.<\/td><\/tr><tr><td>Ovatko putkiston muutokset ongelma?<\/td><td class=\"has-text-align-left\" data-align=\"left\">Putkiston muutokset tai putkiston osat eiv\u00e4t normaalisti ole ongelmia j\u00e4\u00e4puhdistuksessa.<br><br>J\u00e4\u00e4sohjo on joustava massa ja mukautuu esim. putkiston halkaisijan ja suunnan muutoksiin sek\u00e4 l\u00e4p\u00e4isee mm. venttiilit.<\/td><\/tr><\/tbody><\/table><\/figure>\n","protected":false},"excerpt":{"rendered":"<p>Kysymys Vastaus Mit\u00e4 j\u00e4\u00e4puhdistus on? J\u00e4\u00e4puhdistus, j\u00e4\u00e4possutus ja j\u00e4\u00e4huuhtelu ovat uusia innovatiivisia tapoja puhdistaa putkistoja, esimerkiksi vesi- ja viem\u00e4riverkostossa sek\u00e4 teollisuudessa. Mill\u00e4 j\u00e4\u00e4puhdistus tehd\u00e4\u00e4n? J\u00e4\u00e4puhdistuksessa k\u00e4ytet\u00e4\u00e4n j\u00e4\u00e4sohjoa, joka on j\u00e4\u00e4hilevesiseos. Miten j\u00e4\u00e4possutus tehd\u00e4\u00e4n? J\u00e4\u00e4possutuksessa putkistoon pumpataan j\u00e4\u00e4sohjoaa ja muodostetaan j\u00e4\u00e4possu, joka ty\u00f6nnet\u00e4\u00e4n vesipaineella puhdistettavaa pitkin putkistoa. Mik\u00e4 on j\u00e4\u00e4possu? J\u00e4\u00e4possu on j\u00e4\u00e4sohjosta putkistoon muodostettu vy\u00f6hyke &hellip; <\/p>\n<p class=\"link-more\"><a href=\"https:\/\/www.jaapossutus.fi\/blog\/usein-kysytyt-kysymykset-ukk\/\" class=\"more-link\">Jatka lukemista<span class=\"screen-reader-text\"> &#8221;Usein kysytyt kysymykset (UKK)&#8221;<\/span><\/a><\/p>\n","protected":false},"author":1,"featured_media":0,"parent":0,"menu_order":0,"comment_status":"closed","ping_status":"closed","template":"","meta":{"footnotes":""},"class_list":["post-588","page","type-page","status-publish","hentry"],"_links":{"self":[{"href":"https:\/\/www.jaapossutus.fi\/blog\/wp-json\/wp\/v2\/pages\/588","targetHints":{"allow":["GET"]}}],"collection":[{"href":"https:\/\/www.jaapossutus.fi\/blog\/wp-json\/wp\/v2\/pages"}],"about":[{"href":"https:\/\/www.jaapossutus.fi\/blog\/wp-json\/wp\/v2\/types\/page"}],"author":[{"embeddable":true,"href":"https:\/\/www.jaapossutus.fi\/blog\/wp-json\/wp\/v2\/users\/1"}],"replies":[{"embeddable":true,"href":"https:\/\/www.jaapossutus.fi\/blog\/wp-json\/wp\/v2\/comments?post=588"}],"version-history":[{"count":1,"href":"https:\/\/www.jaapossutus.fi\/blog\/wp-json\/wp\/v2\/pages\/588\/revisions"}],"predecessor-version":[{"id":590,"href":"https:\/\/www.jaapossutus.fi\/blog\/wp-json\/wp\/v2\/pages\/588\/revisions\/590"}],"wp:attachment":[{"href":"https:\/\/www.jaapossutus.fi\/blog\/wp-json\/wp\/v2\/media?parent=588"}],"curies":[{"name":"wp","href":"https:\/\/api.w.org\/{rel}","templated":true}]}}