{"id":605,"date":"2025-05-21T19:33:58","date_gmt":"2025-05-21T16:33:58","guid":{"rendered":"https:\/\/www.jaapossutus.fi\/blog\/?page_id=605"},"modified":"2025-12-14T20:43:06","modified_gmt":"2025-12-14T17:43:06","slug":"tehtyja-puhdistuksia","status":"publish","type":"page","link":"https:\/\/www.jaapossutus.fi\/blog\/tehtyja-puhdistuksia\/","title":{"rendered":"Tehtyj\u00e4 puhdistuksia"},"content":{"rendered":"\n<p>J\u00e4\u00e4possutukset ja j\u00e4\u00e4huuhtelut on aloitettu ja alla muutamia kohteita.<\/p>\n\n\n\n<p>J<strong>\u00e4\u00e4possutus raakavesiputket: <\/strong> 160 mm putki, 110 mm kolme putkea, 225mm yhdysputki<\/p>\n\n\n\n<figure class=\"wp-block-image size-large is-resized\"><img loading=\"lazy\" decoding=\"async\" src=\"https:\/\/www.jaapossutus.fi\/blog\/wp-content\/uploads\/2025\/12\/4linjaa-768x1024.jpg\" alt=\"\" class=\"wp-image-645\" width=\"192\" height=\"256\" srcset=\"https:\/\/www.jaapossutus.fi\/blog\/wp-content\/uploads\/2025\/12\/4linjaa-768x1024.jpg 768w, https:\/\/www.jaapossutus.fi\/blog\/wp-content\/uploads\/2025\/12\/4linjaa-225x300.jpg 225w, https:\/\/www.jaapossutus.fi\/blog\/wp-content\/uploads\/2025\/12\/4linjaa-1152x1536.jpg 1152w, https:\/\/www.jaapossutus.fi\/blog\/wp-content\/uploads\/2025\/12\/4linjaa-1536x2048.jpg 1536w, https:\/\/www.jaapossutus.fi\/blog\/wp-content\/uploads\/2025\/12\/4linjaa-scaled.jpg 1920w\" sizes=\"auto, (max-width: 192px) 100vw, 192px\" \/><\/figure>\n\n\n\n<p><strong>J\u00e4\u00e4possutus runkovesiputki: <\/strong>200 mm putki, pituus 280 m<\/p>\n\n\n\n<p>Rautaputken j\u00e4\u00e4possutus.<\/p>\n\n\n\n<p><strong>J\u00e4\u00e4possutus paineviem\u00e4ri:<\/strong> 160 mm putki, pituus 1300 m<\/p>\n\n\n\n<p>L\u00e4hes tukossa olleen ja joen alittavan paineviem\u00e4rin j\u00e4\u00e4possutus.<\/p>\n\n\n\n<p><strong>J\u00e4\u00e4possutus raakavesiputki<\/strong>: 110 mm putki, pituus 1000 m<\/p>\n\n\n\n<figure class=\"wp-block-image size-large is-resized\"><img loading=\"lazy\" decoding=\"async\" src=\"https:\/\/www.jaapossutus.fi\/blog\/wp-content\/uploads\/2025\/12\/110x1000-768x1024.jpg\" alt=\"\" class=\"wp-image-634\" width=\"192\" height=\"256\" srcset=\"https:\/\/www.jaapossutus.fi\/blog\/wp-content\/uploads\/2025\/12\/110x1000-768x1024.jpg 768w, https:\/\/www.jaapossutus.fi\/blog\/wp-content\/uploads\/2025\/12\/110x1000-225x300.jpg 225w, https:\/\/www.jaapossutus.fi\/blog\/wp-content\/uploads\/2025\/12\/110x1000-1152x1536.jpg 1152w, https:\/\/www.jaapossutus.fi\/blog\/wp-content\/uploads\/2025\/12\/110x1000-1536x2048.jpg 1536w, https:\/\/www.jaapossutus.fi\/blog\/wp-content\/uploads\/2025\/12\/110x1000-scaled.jpg 1920w\" sizes=\"auto, (max-width: 192px) 100vw, 192px\" \/><\/figure>\n\n\n\n<p><strong>J\u00e4\u00e4possutus ja shokkiklooraus raakavesiputki<\/strong>: 160 mm putki, pituus 600 m<\/p>\n\n\n\n<figure class=\"wp-block-image size-large is-resized\"><img loading=\"lazy\" decoding=\"async\" src=\"https:\/\/www.jaapossutus.fi\/blog\/wp-content\/uploads\/2025\/12\/m-v-768x1024.jpg\" alt=\"\" class=\"wp-image-633\" width=\"192\" height=\"250\"\/><\/figure>\n\n\n\n<p><strong>J\u00e4\u00e4possutus runkovesiputki<\/strong>: 110 mm putki, pituus 4000m<\/p>\n\n\n\n<figure class=\"wp-block-image size-large is-resized\"><img loading=\"lazy\" decoding=\"async\" src=\"https:\/\/www.jaapossutus.fi\/blog\/wp-content\/uploads\/2025\/12\/110x4000.jpg\" alt=\"\" class=\"wp-image-635\" width=\"147\" height=\"126\"\/><\/figure>\n\n\n\n<p><strong>J\u00e4\u00e4possutus, runkovesiputki:<\/strong> 200 mm putki, pituus 1700 m<\/p>\n\n\n\n<figure class=\"wp-block-image size-large is-resized\"><img loading=\"lazy\" decoding=\"async\" src=\"https:\/\/www.jaapossutus.fi\/blog\/wp-content\/uploads\/2025\/12\/200x1700-4.jpg\" alt=\"\" class=\"wp-image-641\" width=\"224\" height=\"159\"\/><\/figure>\n\n\n\n<p><strong>J\u00e4\u00e4possutus j\u00e4rviveden sy\u00f6tt\u00f6putkeen:<\/strong>  Laskettelukeskuksen lumetukseen k\u00e4ytett\u00e4v\u00e4n 200 mm halkaisijalla olevan ja 700 m pitk\u00e4n j\u00e4rvivesiputken j\u00e4\u00e4possutus. Tuloksena noin 25% parannus pumppaustehossa.<\/p>\n\n\n\n<p><strong>J\u00e4\u00e4huuhtelu ja shokkiklooraus kiinteist\u00f6n k\u00e4ytt\u00f6vesiputkistoon:<\/strong>  Koulurakennuksen k\u00e4ytt\u00f6vesiputket legionellan vuoksi.<\/p>\n\n\n\n<p><strong>J\u00e4\u00e4huuhtelu ilmakuivaimen lauhdutinvaihtimelle:<\/strong> J\u00e4\u00e4huuhdeltu levyl\u00e4mm\u00f6nvaihdin, joka ei en\u00e4\u00e4 toiminut riitt\u00e4v\u00e4ll\u00e4 teholla. J\u00e4\u00e4huuhtelulla toiminta palautettiin normaaliksi. Ennen j\u00e4\u00e4huuhtelun k\u00e4ytt\u00f6\u00e4 tukkeutuneet levyl\u00e4mm\u00f6nvaihtimet on vaihdettu uusiin.<\/p>\n\n\n\n<p><strong>J\u00e4\u00e4possutus, sy\u00f6tt\u00f6putki kaivolta:<\/strong> 110 mm sy\u00f6tt\u00f6putki, jossa runsaati saostumia. J\u00e4\u00e4possutus tehtiin kuvassa n\u00e4kyv\u00e4n DN80 venttiilin l\u00e4pi. Ty\u00f6aika noin 30 minuuttia.<\/p>\n\n\n\n<p>J\u00e4\u00e4possutus poisti tehokkaasti saostumia ao. kuvien mukaisesti.<\/p>\n\n\n\n<figure class=\"wp-block-gallery aligncenter columns-2 is-cropped wp-block-gallery-1 is-layout-flex wp-block-gallery-is-layout-flex\"><ul class=\"blocks-gallery-grid\"><li class=\"blocks-gallery-item\"><figure><img loading=\"lazy\" decoding=\"async\" width=\"150\" height=\"150\" src=\"https:\/\/www.jaapossutus.fi\/blog\/wp-content\/uploads\/2025\/05\/Punkalaidun-1-e1747843044976-150x150.jpg\" alt=\"\" data-id=\"609\" data-full-url=\"https:\/\/www.jaapossutus.fi\/blog\/wp-content\/uploads\/2025\/05\/Punkalaidun-1-e1747843044976.jpg\" data-link=\"https:\/\/www.jaapossutus.fi\/blog\/?attachment_id=609\" class=\"wp-image-609\" srcset=\"https:\/\/www.jaapossutus.fi\/blog\/wp-content\/uploads\/2025\/05\/Punkalaidun-1-e1747843044976-150x150.jpg 150w, https:\/\/www.jaapossutus.fi\/blog\/wp-content\/uploads\/2025\/05\/Punkalaidun-1-e1747843044976-500x500.jpg 500w, https:\/\/www.jaapossutus.fi\/blog\/wp-content\/uploads\/2025\/05\/Punkalaidun-1-e1747843044976-400x400.jpg 400w, https:\/\/www.jaapossutus.fi\/blog\/wp-content\/uploads\/2025\/05\/Punkalaidun-1-e1747843044976-100x100.jpg 100w\" sizes=\"auto, (max-width: 150px) 100vw, 150px\" \/><figcaption class=\"blocks-gallery-item__caption\">ennen j\u00e4\u00e4possutusta<\/figcaption><\/figure><\/li><li class=\"blocks-gallery-item\"><figure><img loading=\"lazy\" decoding=\"async\" width=\"150\" height=\"150\" src=\"https:\/\/www.jaapossutus.fi\/blog\/wp-content\/uploads\/2025\/05\/Punkalaidun-2-150x150.jpg\" alt=\"\" data-id=\"610\" data-full-url=\"https:\/\/www.jaapossutus.fi\/blog\/wp-content\/uploads\/2025\/05\/Punkalaidun-2.jpg\" data-link=\"https:\/\/www.jaapossutus.fi\/blog\/?attachment_id=610\" class=\"wp-image-610\" srcset=\"https:\/\/www.jaapossutus.fi\/blog\/wp-content\/uploads\/2025\/05\/Punkalaidun-2-150x150.jpg 150w, https:\/\/www.jaapossutus.fi\/blog\/wp-content\/uploads\/2025\/05\/Punkalaidun-2-500x500.jpg 500w, https:\/\/www.jaapossutus.fi\/blog\/wp-content\/uploads\/2025\/05\/Punkalaidun-2-400x400.jpg 400w, https:\/\/www.jaapossutus.fi\/blog\/wp-content\/uploads\/2025\/05\/Punkalaidun-2-100x100.jpg 100w\" sizes=\"auto, (max-width: 150px) 100vw, 150px\" \/><figcaption class=\"blocks-gallery-item__caption\">j\u00e4lkeen j\u00e4\u00e4possutuksen<\/figcaption><\/figure><\/li><\/ul><\/figure>\n\n\n\n<p><\/p>\n\n\n\n<p><strong>J\u00e4\u00e4huuhtelu, kiinteist\u00f6n k\u00e4ytt\u00f6vesiputket:<\/strong> uimahallin k\u00e4ytt\u00f6vesiputkistosta poistettiin legionella ongelman vuoksi biofilmej\u00e4. Aikaisemmat huuhtelut ja klooraus eiv\u00e4t olleet ongelmaa kuriin. <\/p>\n\n\n\n<p>J\u00e4\u00e4huuhtelu tiputti pes\u00e4keluvut alas ja j\u00e4\u00e4huuhtelun j\u00e4lkeen tehty klooraus tehosti puhdistusta, jolla legionella ongelma saatiin ratkaistua.<\/p>\n\n\n\n<p><strong>J\u00e4\u00e4possutus, runkovesiputki:<\/strong> 500m pitk\u00e4 haara, jossa ongelmia saostumien ja veden v\u00e4rin kanssa. J\u00e4\u00e4possutus poisti runsaasti saostumia.<\/p>\n\n\n\n<p>J\u00e4\u00e4possutuksen j\u00e4lkeen vesi oli j\u00e4lleen kirkasta ja tilanne pysynyt hyv\u00e4n\u00e4 jo useamman kuukauden.<\/p>\n\n\n\n<figure class=\"wp-block-gallery columns-3 is-cropped wp-block-gallery-2 is-layout-flex wp-block-gallery-is-layout-flex\"><ul class=\"blocks-gallery-grid\"><li class=\"blocks-gallery-item\"><figure><img loading=\"lazy\" decoding=\"async\" width=\"300\" height=\"225\" src=\"https:\/\/www.jaapossutus.fi\/blog\/wp-content\/uploads\/2025\/05\/l\u00e4ht\u00f6tilanne_IMG_1197-scaled-e1747844472576-300x225.jpg\" alt=\"\" data-id=\"615\" data-full-url=\"https:\/\/www.jaapossutus.fi\/blog\/wp-content\/uploads\/2025\/05\/l\u00e4ht\u00f6tilanne_IMG_1197-scaled-e1747844482983.jpg\" data-link=\"https:\/\/www.jaapossutus.fi\/blog\/lahtotilanne_img_1197\/\" class=\"wp-image-615\"\/><figcaption class=\"blocks-gallery-item__caption\">ennen<\/figcaption><\/figure><\/li><li class=\"blocks-gallery-item\"><figure><img loading=\"lazy\" decoding=\"async\" width=\"300\" height=\"225\" src=\"https:\/\/www.jaapossutus.fi\/blog\/wp-content\/uploads\/2025\/05\/j\u00e4\u00e4possutus_IMG_1201-scaled-e1747844438763-300x225.jpg\" alt=\"\" data-id=\"614\" data-full-url=\"https:\/\/www.jaapossutus.fi\/blog\/wp-content\/uploads\/2025\/05\/j\u00e4\u00e4possutus_IMG_1201-scaled-e1747844451613.jpg\" data-link=\"https:\/\/www.jaapossutus.fi\/blog\/jaapossutus_img_1201\/\" class=\"wp-image-614\"\/><figcaption class=\"blocks-gallery-item__caption\">j\u00e4\u00e4possutus<\/figcaption><\/figure><\/li><li class=\"blocks-gallery-item\"><figure><img loading=\"lazy\" decoding=\"async\" width=\"300\" height=\"225\" src=\"https:\/\/www.jaapossutus.fi\/blog\/wp-content\/uploads\/2025\/05\/poistunut_j\u00e4\u00e4sohjo_IMG_1212-300x225.jpg\" alt=\"\" data-id=\"616\" data-full-url=\"https:\/\/www.jaapossutus.fi\/blog\/wp-content\/uploads\/2025\/05\/poistunut_j\u00e4\u00e4sohjo_IMG_1212-scaled-e1747844511424.jpg\" data-link=\"https:\/\/www.jaapossutus.fi\/blog\/poistunut_jaasohjo_img_1212\/\" class=\"wp-image-616\"\/><figcaption class=\"blocks-gallery-item__caption\">ulos tullut j\u00e4\u00e4 ja saostumat<\/figcaption><\/figure><\/li><li class=\"blocks-gallery-item\"><figure><img loading=\"lazy\" decoding=\"async\" width=\"300\" height=\"225\" src=\"https:\/\/www.jaapossutus.fi\/blog\/wp-content\/uploads\/2025\/05\/j\u00e4\u00e4possutuksen_j\u00e4lkeen_IMG_1213-scaled-e1747844371477-300x225.jpg\" alt=\"\" data-id=\"613\" data-full-url=\"https:\/\/www.jaapossutus.fi\/blog\/wp-content\/uploads\/2025\/05\/j\u00e4\u00e4possutuksen_j\u00e4lkeen_IMG_1213-scaled-e1747844385869.jpg\" data-link=\"https:\/\/www.jaapossutus.fi\/blog\/jaapossutuksen_jalkeen_img_1213\/\" class=\"wp-image-613\"\/><figcaption class=\"blocks-gallery-item__caption\">j\u00e4lkeen<\/figcaption><\/figure><\/li><\/ul><\/figure>\n\n\n\n<figure class=\"wp-block-gallery columns-0 is-cropped wp-block-gallery-3 is-layout-flex wp-block-gallery-is-layout-flex\"><ul class=\"blocks-gallery-grid\"><\/ul><\/figure>\n\n\n\n<p>Poistettiin runsaati mangaani- ja rautasaostumia.<\/p>\n\n\n\n<p><strong>J\u00e4\u00e4possutus, paineviem\u00e4ri<\/strong>: 600 metri\u00e4 pitk\u00e4n 63 mm painevesiviem\u00e4rin j\u00e4\u00e4possutus. Paineviem\u00e4riss\u00e4 ollut s\u00e4\u00e4nn\u00f6llisi\u00e4 ongelmia tukkeutumisien kanssa.<\/p>\n\n\n\n<p>Toiminut j\u00e4\u00e4possutuksen j\u00e4lkeen normaalisti.<\/p>\n\n\n\n<p><strong>J\u00e4\u00e4possutus, paineviem\u00e4ri:<\/strong> 4700 metri\u00e4 pitk\u00e4 90 mm kaatopaikan suotovesien paineviem\u00e4riputki, jossa ongelmia tukkeutumien kanssa.<\/p>\n\n\n\n<p>J\u00e4\u00e4possutuksen j\u00e4lkeen pumppausnopeus kasvanut.<\/p>\n","protected":false},"excerpt":{"rendered":"<p>J\u00e4\u00e4possutukset ja j\u00e4\u00e4huuhtelut on aloitettu ja alla muutamia kohteita. J\u00e4\u00e4possutus raakavesiputket: 160 mm putki, 110 mm kolme putkea, 225mm yhdysputki J\u00e4\u00e4possutus runkovesiputki: 200 mm putki, pituus 280 m Rautaputken j\u00e4\u00e4possutus. J\u00e4\u00e4possutus paineviem\u00e4ri: 160 mm putki, pituus 1300 m L\u00e4hes tukossa olleen ja joen alittavan paineviem\u00e4rin j\u00e4\u00e4possutus. J\u00e4\u00e4possutus raakavesiputki: 110 mm putki, pituus 1000 m J\u00e4\u00e4possutus &hellip; <\/p>\n<p class=\"link-more\"><a href=\"https:\/\/www.jaapossutus.fi\/blog\/tehtyja-puhdistuksia\/\" class=\"more-link\">Jatka lukemista<span class=\"screen-reader-text\"> &#8221;Tehtyj\u00e4 puhdistuksia&#8221;<\/span><\/a><\/p>\n","protected":false},"author":1,"featured_media":0,"parent":0,"menu_order":0,"comment_status":"closed","ping_status":"open","template":"","meta":{"footnotes":""},"class_list":["post-605","page","type-page","status-publish","hentry"],"_links":{"self":[{"href":"https:\/\/www.jaapossutus.fi\/blog\/wp-json\/wp\/v2\/pages\/605","targetHints":{"allow":["GET"]}}],"collection":[{"href":"https:\/\/www.jaapossutus.fi\/blog\/wp-json\/wp\/v2\/pages"}],"about":[{"href":"https:\/\/www.jaapossutus.fi\/blog\/wp-json\/wp\/v2\/types\/page"}],"author":[{"embeddable":true,"href":"https:\/\/www.jaapossutus.fi\/blog\/wp-json\/wp\/v2\/users\/1"}],"replies":[{"embeddable":true,"href":"https:\/\/www.jaapossutus.fi\/blog\/wp-json\/wp\/v2\/comments?post=605"}],"version-history":[{"count":16,"href":"https:\/\/www.jaapossutus.fi\/blog\/wp-json\/wp\/v2\/pages\/605\/revisions"}],"predecessor-version":[{"id":647,"href":"https:\/\/www.jaapossutus.fi\/blog\/wp-json\/wp\/v2\/pages\/605\/revisions\/647"}],"wp:attachment":[{"href":"https:\/\/www.jaapossutus.fi\/blog\/wp-json\/wp\/v2\/media?parent=605"}],"curies":[{"name":"wp","href":"https:\/\/api.w.org\/{rel}","templated":true}]}}